{"id":314,"date":"2019-03-18T15:11:09","date_gmt":"2019-03-18T15:11:09","guid":{"rendered":"http:\/\/new.mirgeler.de\/?page_id=314"},"modified":"2019-07-31T10:16:39","modified_gmt":"2019-07-31T10:16:39","slug":"produkte","status":"publish","type":"page","link":"https:\/\/www.mirgeler.de\/?page_id=314","title":{"rendered":"Produkte"},"content":{"rendered":"<div  data-label=\"produkt\" data-id=\"content--1\" data-export-id=\"content-6\" data-category=\"content\" class=\"content-6 content-section content-section-spacing-large content-relative\" id=\"produkt\" style=\"background-color: rgb(255, 255, 255);\"><div  class=\"section-separator-top\">\n    <svg  class=\"section-separator-top\" data-separator-name=\"triangle-asymmetrical-negative\" preserveAspectRatio=\"none\" viewBox=\"0 0 1000 100\" xmlns=\"http:\/\/www.w3.org\/2000\/svg\">\n        <path  class=\"svg-white-bg\" d=\"M737.9,94.7L0,0v100h1000V0L737.9,94.7z\"><\/path>\n    <\/svg>\n<\/div><div  class=\"gridContainer\"> <div  class=\"row text-center\"><div  class=\"section-title-col\" data-type=\"column\"> <h2  class=\"\"><span  style=\"font-weight: 500; color: rgb(51, 0, 0);\">Auszug aus unserem Lieferprogramm<\/span><\/h2> <p  class=\"lead\"><span  style=\"color: rgb(51, 0, 0);\">Auf dieser Seite finden Sie einen Auszug aus dem breiten Produktspektrum, welches wir Ihnen als Vollsortiment-Anbieter offerieren k\u00f6nnen. Wir m\u00f6chten Ihr One-Stop-Shop sein und gemeinsam mit Ihnen die Beschaffung von sogenannten C-Teilen in Ihrem Unternehmen optimieren.<\/span><\/p><\/div> <\/div> <div  class=\"row middle-sm\"> <div  class=\"col-xs-12 col-sm-6\"> <div  class=\"row\"> <div  class=\"col-xs-12 space-bottom\" data-type=\"column\"> <h3  class=\"color1\">Ein kleiner Teil unseres Reifenlagers<\/h3> <p  class=\"\">Hier sehen Sie einen Teil unseres umfangreichen Reifenlagers in Iserlohn, welches wir f\u00fcr unsere Kunden st\u00e4ndig vorhalten. Stillstand bei Gabelstaplern, Flurf\u00f6rderzeugen und Industriefahrzeugen kostet bares Geld, deshalb richten wir unseren Lagerbestand an Ihren Bed\u00fcrfnissen aus.<\/p><h1  class=\"\">Produkte<\/h1><\/div> <div  class=\"row\" data-type=\"row\" data-max-items=\"4\"><div  class=\"row space-bottom col-md-12 \"> <div  class=\"col-xs-12 col-md-fit\" data-fixed=\"true\"><i  class=\"mdi icon mdi-adjust bordered round normal-size color1\"><\/i><\/div> <div  class=\"col-xs-12 col-md\" data-type=\"column\"><h5  class=\"color1\">Reifen, R\u00e4der &amp; Rollen<\/h5> <p  class=\"\">Ob Vollgummireifen, Antriebsr\u00e4der f\u00fcr Flurf\u00f6rderzeuge, Lenk- und Bockrollen, Bandagen, Lastrollen, St\u00fctz- oder Laufr\u00e4der aus vielen verschiedenen Materialien, alles was rund ist, sich dreht und Last tr\u00e4gt ist unser Kerngesch\u00e4ft.<\/p><a  class=\"button mdc-ripple-upgraded small mdc-elevation--z6 color1 white-text\" href=\"https:\/\/www.mirgeler.de?page_id=369\" target=\"_self\" data-cp-link=\"1\" data-icon=\"mdi-adjust\"><span  class=\"button-icon mdi mdi-adjust\"><\/span>Mehr<\/a><\/div> <\/div> <div  class=\"row space-bottom col-md-12 \"> <div  class=\"col-xs-12 col-md-fit\" data-fixed=\"true\"> <i  class=\"mdi icon mdi-screwdriver bordered round normal-size color1\"><\/i><\/div> <div  class=\"col-xs-12 col-md\" data-type=\"column\"><h5  class=\"color1\">Ersatzteile &amp; Verschlei\u00dfteile <\/h5> <p  class=\"\">Alles was sonst an Gabelstaplern, Flurf\u00f6rderzeugen oder Industriefahrzeugen kaputt gehen kann, liefern wir Ihnen \u201ejust in time\u201c \u2013 so, wie Sie es ben\u00f6tigen. \u00dcber 200.000 Ersatzteile im \u00dcbernacht-Service verf\u00fcgbar \u2013 heute bestellt \u2013 morgen bei Ihnen!<\/p><a  class=\"button mdc-ripple-upgraded small mdc-elevation--z6 color1 white-text\" href=\"https:\/\/www.mirgeler.de?page_id=373\" target=\"_self\" data-cp-link=\"1\" data-icon=\"mdi-auto-fix\"><span  class=\"button-icon mdi mdi-auto-fix\"><\/span>Mehr<\/a><\/div> <\/div> <div  class=\"row space-bottom col-md-12 \"> <div  class=\"col-xs-12 col-md-fit\" data-fixed=\"true\"> <i  class=\"mdi icon mdi-forklift bordered round normal-size color1\"><\/i><\/div> <div  class=\"col-xs-12 col-md\" data-type=\"column\"><h5  class=\"color1\">Anbauger\u00e4te<\/h5> <p  class=\"\">Hier finden Sie alles, was einen Gabelstapler vervollst\u00e4ndigt: \n<br >Egal ob normale oder spezielle Gabelzinken, Ballenklammern oder andere Anbauger\u00e4te \u2013 wir k\u00f6nnen Ihnen Neuger\u00e4te, Gebrauchtger\u00e4te und Reparaturen anbieten.<\/p><a  class=\"button mdc-ripple-upgraded small mdc-elevation--z6 color1 white-text\" href=\"https:\/\/www.mirgeler.de?page_id=375\" target=\"_self\" data-cp-link=\"1\" data-icon=\"mdi-format-strikethrough\"><span  class=\"button-icon mdi mdi-format-strikethrough\"><\/span>Mehr<\/a><\/div> <\/div><\/div> <\/div><\/div> <div  class=\"col-xs-12 col-sm-6 flexbox around-xs top-xs\"><div  class=\"overlay-box middle-xs center-xs flexbox box-image\"> <div  class=\"overlay-box-offset mdc-elevation--z5 border-color1 hide-xs border-radius-8 offset-border\"><\/div> <img decoding=\"async\"  class=\"mdc-elevation--z10 rounded\" src=\"http:\/\/new.mirgeler.de\/wp-content\/uploads\/2019\/03\/cropped-Reifenlager2015-Mittel.jpg\"><\/div> <\/div><\/div> <\/div><\/div>","protected":false},"excerpt":{"rendered":"","protected":false},"author":1,"featured_media":0,"parent":0,"menu_order":0,"comment_status":"closed","ping_status":"closed","template":"pro\/page-templates\/full-width-page.php","meta":{"footnotes":""},"class_list":["post-314","page","type-page","status-publish","hentry"],"_links":{"self":[{"href":"https:\/\/www.mirgeler.de\/index.php?rest_route=\/wp\/v2\/pages\/314","targetHints":{"allow":["GET"]}}],"collection":[{"href":"https:\/\/www.mirgeler.de\/index.php?rest_route=\/wp\/v2\/pages"}],"about":[{"href":"https:\/\/www.mirgeler.de\/index.php?rest_route=\/wp\/v2\/types\/page"}],"author":[{"embeddable":true,"href":"https:\/\/www.mirgeler.de\/index.php?rest_route=\/wp\/v2\/users\/1"}],"replies":[{"embeddable":true,"href":"https:\/\/www.mirgeler.de\/index.php?rest_route=%2Fwp%2Fv2%2Fcomments&post=314"}],"version-history":[{"count":11,"href":"https:\/\/www.mirgeler.de\/index.php?rest_route=\/wp\/v2\/pages\/314\/revisions"}],"predecessor-version":[{"id":1087,"href":"https:\/\/www.mirgeler.de\/index.php?rest_route=\/wp\/v2\/pages\/314\/revisions\/1087"}],"wp:attachment":[{"href":"https:\/\/www.mirgeler.de\/index.php?rest_route=%2Fwp%2Fv2%2Fmedia&parent=314"}],"curies":[{"name":"wp","href":"https:\/\/api.w.org\/{rel}","templated":true}]}}