{"id":375,"date":"2019-03-19T10:26:15","date_gmt":"2019-03-19T10:26:15","guid":{"rendered":"http:\/\/new.mirgeler.de\/?page_id=375"},"modified":"2020-01-13T09:03:12","modified_gmt":"2020-01-13T09:03:12","slug":"anbaugeraete-und-zubehoer","status":"publish","type":"page","link":"https:\/\/www.mirgeler.de\/?page_id=375","title":{"rendered":"Anbauger\u00e4te und Zubeh\u00f6r"},"content":{"rendered":"<div data-label=\"About\" data-id=\"about--1\" data-export-id=\"about-images-right-section\" data-category=\"about\" class=\"about-images-right-section content-section content-section-spacing-large\" id=\"about-1\"  style=\"background-color: rgb(255, 255, 255);\"><div class=\"gridContainer\" > <div class=\"row middle-sm text-center\" ><div class=\"col-sm-5 content-left-sm space-bottom-xs\" data-type=\"column\" > <h5 class=\"\" >Anbauger\u00e4te f\u00fcr jeden Einsatzzweck<\/h5> <h2 class=\"\" >CAM attachments<\/h2> <p class=\"\" >Wir sind IHR Ansprechpartner, wenn es um Anbauger\u00e4te f\u00fcr Ihre Fahrzeuge geht. Ob einfache Seitenschieber oder komplizierte Sonderl\u00f6sungen: Sprechen Sie uns an! Wir finden gemeinsam f\u00fcr jeden Einsatzzweck das richtige Anbauger\u00e4t.\n<br >\n<br >Im Standardsortiment arbeiten wir mit dem etablierten Hersteller CAM zusammen. Sprechen Sie uns f\u00fcr ein pers\u00f6nliches Angebot bitte gerne an. Unsere Berater kommen auch gerne zu Ihnen, um sich ein Bild vom gew\u00fcnschten Einsatzzweck zu machen.<br >\n<br >Hier finden Sie die jeweils aktuelle Preisliste und die technischen Daten:<\/p> <a class=\"button big null color1\" href=\"https:\/\/tvh.showpad.com\/share\/HZYHlfh2WVyLetQ01uxho\/0\"  target=\"_blank\" data-cp-link=\"1\" data-icon=\"\">Preisliste &amp; techn. Dokumentation<\/a><\/div> <div class=\"col-sm-7 image-group-side-3-img\" > <img decoding=\"async\" class=\"topimg mdc-elevation--z10 rounded\" src=\"https:\/\/www.mirgeler.de\/wp-content\/uploads\/2020\/01\/cropped-messe-1.jpg\" > <img decoding=\"async\" class=\"rightimg mdc-elevation--z10 rounded\" src=\"https:\/\/www.mirgeler.de\/wp-content\/uploads\/2020\/01\/cropped-Unbenannt.jpg\" > <div class=\"leftimg\" > <img decoding=\"async\" class=\"mdc-elevation--z10 rounded\" src=\"https:\/\/www.mirgeler.de\/wp-content\/uploads\/2020\/01\/cropped-logo.jpg\" ><\/div> <\/div><\/div> <\/div><\/div><div data-label=\"Gallery\" data-id=\"gallery--1\" data-export-id=\"gallery-1\" data-category=\"gallery\" class=\"gallery-1 content-section content-section-spacing-large\" id=\"gallery-1\"  style=\"background-color: rgb(245, 250, 253);\"><div class=\"gridContainer\" > <div class=\"row\" ><div class=\"section-title-col\" data-type=\"column\" > <h2 class=\"\" >Produkt\u00fcbersicht<\/h2> <\/div> <\/div> <div class=\"row text-center\" > <div class=\"col-xs-12\" data-editable=\"true\" data-content-shortcode=\"materialis_gallery id=&quot;materialis-gallery-1&quot; columns=&quot;4&quot; ids=&quot;1129,1132,1116,1117,1118,1119,1120,1121,1123,1124,1127,1128,1114,1113,1125,1126,1115,1130,1131&quot; lb=&quot;1&quot; masonry=&quot;1&quot; size=&quot;medium&quot; link=&quot;file&quot; \" ><div id='materialis-gallery-1' class='gallery-wrapper'><style type=\"text\/css\">\n                    @media only screen and (min-width: 768px) and (max-width: 1023px) {\n                    [data-unique-id='materialis-gallery-1-69e04b77a0747'] dl {\n                        float: left;\n                        width: 25% !important;\n                        max-width:  25% !important;\n                        min-width:  25% !important;\n                    }\n\n                    [data-unique-id='materialis-gallery-1-69e04b77a0747'] dl:nth-of-type(4n +1 ) {\n                      clear: both;\n                      }\n                    }\n                    @media only screen and (min-width: 1024px) {\n                    [data-unique-id='materialis-gallery-1-69e04b77a0747'] dl {\n                        float: left;\n                        width: 25% !important;\n                        max-width:  25% !important;\n                        min-width:  25% !important;\n                    }\n\n                    [data-unique-id='materialis-gallery-1-69e04b77a0747'] dl:nth-of-type(4n +1 ) {\n                      clear: both;\n                      }\n                    }\n                <\/style><div id='materialis-gallery-1' class='materialis-gallery-1-dls-wrapper gallery-items-wrapper materialis-gallery' data-unique-id='materialis-gallery-1-69e04b77a0747'><dl class='gallery-item'>\n\t\t\t<dt class='gallery-icon landscape'>\n\t\t\t\t<a data-fancybox=\"materialis-gallery-1-group\" href='https:\/\/www.mirgeler.de\/wp-content\/uploads\/2020\/01\/Seitenschieber.jpg'><img loading=\"lazy\" decoding=\"async\"  width=\"300\" height=\"200\" src=\"https:\/\/www.mirgeler.de\/wp-content\/uploads\/2020\/01\/Seitenschieber-300x200.jpg\"  class='materialis-gallery-1-image' alt=\"\" aria-describedby=\"gallery-1-1129\" srcset=\"https:\/\/www.mirgeler.de\/wp-content\/uploads\/2020\/01\/Seitenschieber-300x200.jpg 300w, https:\/\/www.mirgeler.de\/wp-content\/uploads\/2020\/01\/Seitenschieber.jpg 600w\" sizes=\"auto, (max-width: 300px) 100vw, 300px\" \/><\/a>\n\t\t\t<\/dt>\n\t\t\t\t<dd class='wp-caption-text gallery-caption' id='gallery-1-1129'>\n\t\t\t\tSeitenschieber\n\t\t\t\t<\/dd><\/dl><dl class='gallery-item'>\n\t\t\t<dt class='gallery-icon landscape'>\n\t\t\t\t<a data-fancybox=\"materialis-gallery-1-group\" href='https:\/\/www.mirgeler.de\/wp-content\/uploads\/2020\/01\/Zinkenversteller.jpg'><img loading=\"lazy\" decoding=\"async\"  width=\"300\" height=\"180\" src=\"https:\/\/www.mirgeler.de\/wp-content\/uploads\/2020\/01\/Zinkenversteller-300x180.jpg\"  class='materialis-gallery-1-image' alt=\"\" srcset=\"https:\/\/www.mirgeler.de\/wp-content\/uploads\/2020\/01\/Zinkenversteller-300x180.jpg 300w, https:\/\/www.mirgeler.de\/wp-content\/uploads\/2020\/01\/Zinkenversteller.jpg 600w\" sizes=\"auto, (max-width: 300px) 100vw, 300px\" \/><\/a>\n\t\t\t<\/dt><\/dl><dl class='gallery-item'>\n\t\t\t<dt class='gallery-icon landscape'>\n\t\t\t\t<a data-fancybox=\"materialis-gallery-1-group\" href='https:\/\/www.mirgeler.de\/wp-content\/uploads\/2020\/01\/CH.jpg'><img loading=\"lazy\" decoding=\"async\"  width=\"300\" height=\"169\" src=\"https:\/\/www.mirgeler.de\/wp-content\/uploads\/2020\/01\/CH-300x169.jpg\"  class='materialis-gallery-1-image' alt=\"\" aria-describedby=\"gallery-1-1116\" srcset=\"https:\/\/www.mirgeler.de\/wp-content\/uploads\/2020\/01\/CH-300x169.jpg 300w, https:\/\/www.mirgeler.de\/wp-content\/uploads\/2020\/01\/CH.jpg 480w\" sizes=\"auto, (max-width: 300px) 100vw, 300px\" \/><\/a>\n\t\t\t<\/dt>\n\t\t\t\t<dd class='wp-caption-text gallery-caption' id='gallery-1-1116'>\n\t\t\t\tKlammer\n\t\t\t\t<\/dd><\/dl><dl class='gallery-item'>\n\t\t\t<dt class='gallery-icon landscape'>\n\t\t\t\t<a data-fancybox=\"materialis-gallery-1-group\" href='https:\/\/www.mirgeler.de\/wp-content\/uploads\/2020\/01\/dreifach.jpg'><img loading=\"lazy\" decoding=\"async\"  width=\"300\" height=\"169\" src=\"https:\/\/www.mirgeler.de\/wp-content\/uploads\/2020\/01\/dreifach-300x169.jpg\"  class='materialis-gallery-1-image' alt=\"\" aria-describedby=\"gallery-1-1117\" srcset=\"https:\/\/www.mirgeler.de\/wp-content\/uploads\/2020\/01\/dreifach-300x169.jpg 300w, https:\/\/www.mirgeler.de\/wp-content\/uploads\/2020\/01\/dreifach.jpg 480w\" sizes=\"auto, (max-width: 300px) 100vw, 300px\" \/><\/a>\n\t\t\t<\/dt>\n\t\t\t\t<dd class='wp-caption-text gallery-caption' id='gallery-1-1117'>\n\t\t\t\tMehrfachpalettensystem\n\t\t\t\t<\/dd><\/dl><dl class='gallery-item'>\n\t\t\t<dt class='gallery-icon landscape'>\n\t\t\t\t<a data-fancybox=\"materialis-gallery-1-group\" href='https:\/\/www.mirgeler.de\/wp-content\/uploads\/2020\/01\/GAB.jpg'><img loading=\"lazy\" decoding=\"async\"  width=\"300\" height=\"169\" src=\"https:\/\/www.mirgeler.de\/wp-content\/uploads\/2020\/01\/GAB-300x169.jpg\"  class='materialis-gallery-1-image' alt=\"\" aria-describedby=\"gallery-1-1118\" srcset=\"https:\/\/www.mirgeler.de\/wp-content\/uploads\/2020\/01\/GAB-300x169.jpg 300w, https:\/\/www.mirgeler.de\/wp-content\/uploads\/2020\/01\/GAB.jpg 480w\" sizes=\"auto, (max-width: 300px) 100vw, 300px\" \/><\/a>\n\t\t\t<\/dt>\n\t\t\t\t<dd class='wp-caption-text gallery-caption' id='gallery-1-1118'>\n\t\t\t\tKranhaken\n\t\t\t\t<\/dd><\/dl><dl class='gallery-item'>\n\t\t\t<dt class='gallery-icon landscape'>\n\t\t\t\t<a data-fancybox=\"materialis-gallery-1-group\" href='https:\/\/www.mirgeler.de\/wp-content\/uploads\/2020\/01\/GAB02.jpg'><img loading=\"lazy\" decoding=\"async\"  width=\"300\" height=\"169\" src=\"https:\/\/www.mirgeler.de\/wp-content\/uploads\/2020\/01\/GAB02-300x169.jpg\"  class='materialis-gallery-1-image' alt=\"\" aria-describedby=\"gallery-1-1119\" srcset=\"https:\/\/www.mirgeler.de\/wp-content\/uploads\/2020\/01\/GAB02-300x169.jpg 300w, https:\/\/www.mirgeler.de\/wp-content\/uploads\/2020\/01\/GAB02.jpg 480w\" sizes=\"auto, (max-width: 300px) 100vw, 300px\" \/><\/a>\n\t\t\t<\/dt>\n\t\t\t\t<dd class='wp-caption-text gallery-caption' id='gallery-1-1119'>\n\t\t\t\tKranhaken\n\t\t\t\t<\/dd><\/dl><dl class='gallery-item'>\n\t\t\t<dt class='gallery-icon landscape'>\n\t\t\t\t<a data-fancybox=\"materialis-gallery-1-group\" href='https:\/\/www.mirgeler.de\/wp-content\/uploads\/2020\/01\/HC.jpg'><img loading=\"lazy\" decoding=\"async\"  width=\"300\" height=\"169\" src=\"https:\/\/www.mirgeler.de\/wp-content\/uploads\/2020\/01\/HC-300x169.jpg\"  class='materialis-gallery-1-image' alt=\"\" aria-describedby=\"gallery-1-1120\" srcset=\"https:\/\/www.mirgeler.de\/wp-content\/uploads\/2020\/01\/HC-300x169.jpg 300w, https:\/\/www.mirgeler.de\/wp-content\/uploads\/2020\/01\/HC.jpg 480w\" sizes=\"auto, (max-width: 300px) 100vw, 300px\" \/><\/a>\n\t\t\t<\/dt>\n\t\t\t\t<dd class='wp-caption-text gallery-caption' id='gallery-1-1120'>\n\t\t\t\tBetonklammer\n\t\t\t\t<\/dd><\/dl><dl class='gallery-item'>\n\t\t\t<dt class='gallery-icon landscape'>\n\t\t\t\t<a data-fancybox=\"materialis-gallery-1-group\" href='https:\/\/www.mirgeler.de\/wp-content\/uploads\/2020\/01\/HED-T.jpg'><img loading=\"lazy\" decoding=\"async\"  width=\"300\" height=\"169\" src=\"https:\/\/www.mirgeler.de\/wp-content\/uploads\/2020\/01\/HED-T-300x169.jpg\"  class='materialis-gallery-1-image' alt=\"\" aria-describedby=\"gallery-1-1121\" srcset=\"https:\/\/www.mirgeler.de\/wp-content\/uploads\/2020\/01\/HED-T-300x169.jpg 300w, https:\/\/www.mirgeler.de\/wp-content\/uploads\/2020\/01\/HED-T.jpg 480w\" sizes=\"auto, (max-width: 300px) 100vw, 300px\" \/><\/a>\n\t\t\t<\/dt>\n\t\t\t\t<dd class='wp-caption-text gallery-caption' id='gallery-1-1121'>\n\t\t\t\tKartonklammer\n\t\t\t\t<\/dd><\/dl><dl class='gallery-item'>\n\t\t\t<dt class='gallery-icon landscape'>\n\t\t\t\t<a data-fancybox=\"materialis-gallery-1-group\" href='https:\/\/www.mirgeler.de\/wp-content\/uploads\/2020\/01\/klammer2.jpg'><img loading=\"lazy\" decoding=\"async\"  width=\"300\" height=\"169\" src=\"https:\/\/www.mirgeler.de\/wp-content\/uploads\/2020\/01\/klammer2-300x169.jpg\"  class='materialis-gallery-1-image' alt=\"\" aria-describedby=\"gallery-1-1123\" srcset=\"https:\/\/www.mirgeler.de\/wp-content\/uploads\/2020\/01\/klammer2-300x169.jpg 300w, https:\/\/www.mirgeler.de\/wp-content\/uploads\/2020\/01\/klammer2.jpg 480w\" sizes=\"auto, (max-width: 300px) 100vw, 300px\" \/><\/a>\n\t\t\t<\/dt>\n\t\t\t\t<dd class='wp-caption-text gallery-caption' id='gallery-1-1123'>\n\t\t\t\tBallenklammer\n\t\t\t\t<\/dd><\/dl><dl class='gallery-item'>\n\t\t\t<dt class='gallery-icon landscape'>\n\t\t\t\t<a data-fancybox=\"materialis-gallery-1-group\" href='https:\/\/www.mirgeler.de\/wp-content\/uploads\/2020\/01\/klammer3.jpg'><img loading=\"lazy\" decoding=\"async\"  width=\"300\" height=\"169\" src=\"https:\/\/www.mirgeler.de\/wp-content\/uploads\/2020\/01\/klammer3-300x169.jpg\"  class='materialis-gallery-1-image' alt=\"\" aria-describedby=\"gallery-1-1124\" srcset=\"https:\/\/www.mirgeler.de\/wp-content\/uploads\/2020\/01\/klammer3-300x169.jpg 300w, https:\/\/www.mirgeler.de\/wp-content\/uploads\/2020\/01\/klammer3.jpg 480w\" sizes=\"auto, (max-width: 300px) 100vw, 300px\" \/><\/a>\n\t\t\t<\/dt>\n\t\t\t\t<dd class='wp-caption-text gallery-caption' id='gallery-1-1124'>\n\t\t\t\tKlammer\n\t\t\t\t<\/dd><\/dl><dl class='gallery-item'>\n\t\t\t<dt class='gallery-icon landscape'>\n\t\t\t\t<a data-fancybox=\"materialis-gallery-1-group\" href='https:\/\/www.mirgeler.de\/wp-content\/uploads\/2020\/01\/palettenwender.jpg'><img loading=\"lazy\" decoding=\"async\"  width=\"300\" height=\"169\" src=\"https:\/\/www.mirgeler.de\/wp-content\/uploads\/2020\/01\/palettenwender-300x169.jpg\"  class='materialis-gallery-1-image' alt=\"\" aria-describedby=\"gallery-1-1127\" srcset=\"https:\/\/www.mirgeler.de\/wp-content\/uploads\/2020\/01\/palettenwender-300x169.jpg 300w, https:\/\/www.mirgeler.de\/wp-content\/uploads\/2020\/01\/palettenwender.jpg 480w\" sizes=\"auto, (max-width: 300px) 100vw, 300px\" \/><\/a>\n\t\t\t<\/dt>\n\t\t\t\t<dd class='wp-caption-text gallery-caption' id='gallery-1-1127'>\n\t\t\t\tPalettenwender\n\t\t\t\t<\/dd><\/dl><dl class='gallery-item'>\n\t\t\t<dt class='gallery-icon landscape'>\n\t\t\t\t<a data-fancybox=\"materialis-gallery-1-group\" href='https:\/\/www.mirgeler.de\/wp-content\/uploads\/2020\/01\/PRC_0.jpg'><img loading=\"lazy\" decoding=\"async\"  width=\"300\" height=\"169\" src=\"https:\/\/www.mirgeler.de\/wp-content\/uploads\/2020\/01\/PRC_0-300x169.jpg\"  class='materialis-gallery-1-image' alt=\"\" aria-describedby=\"gallery-1-1128\" srcset=\"https:\/\/www.mirgeler.de\/wp-content\/uploads\/2020\/01\/PRC_0-300x169.jpg 300w, https:\/\/www.mirgeler.de\/wp-content\/uploads\/2020\/01\/PRC_0.jpg 480w\" sizes=\"auto, (max-width: 300px) 100vw, 300px\" \/><\/a>\n\t\t\t<\/dt>\n\t\t\t\t<dd class='wp-caption-text gallery-caption' id='gallery-1-1128'>\n\t\t\t\tDrehger\u00e4t\n\t\t\t\t<\/dd><\/dl><dl class='gallery-item'>\n\t\t\t<dt class='gallery-icon landscape'>\n\t\t\t\t<a data-fancybox=\"materialis-gallery-1-group\" href='https:\/\/www.mirgeler.de\/wp-content\/uploads\/2020\/01\/BSP.jpg'><img loading=\"lazy\" decoding=\"async\"  width=\"300\" height=\"169\" src=\"https:\/\/www.mirgeler.de\/wp-content\/uploads\/2020\/01\/BSP-300x169.jpg\"  class='materialis-gallery-1-image' alt=\"\" aria-describedby=\"gallery-1-1114\" srcset=\"https:\/\/www.mirgeler.de\/wp-content\/uploads\/2020\/01\/BSP-300x169.jpg 300w, https:\/\/www.mirgeler.de\/wp-content\/uploads\/2020\/01\/BSP.jpg 480w\" sizes=\"auto, (max-width: 300px) 100vw, 300px\" \/><\/a>\n\t\t\t<\/dt>\n\t\t\t\t<dd class='wp-caption-text gallery-caption' id='gallery-1-1114'>\n\t\t\t\tBallendorn\n\t\t\t\t<\/dd><\/dl><dl class='gallery-item'>\n\t\t\t<dt class='gallery-icon landscape'>\n\t\t\t\t<a data-fancybox=\"materialis-gallery-1-group\" href='https:\/\/www.mirgeler.de\/wp-content\/uploads\/2020\/01\/B.jpg'><img loading=\"lazy\" decoding=\"async\"  width=\"300\" height=\"169\" src=\"https:\/\/www.mirgeler.de\/wp-content\/uploads\/2020\/01\/B-300x169.jpg\"  class='materialis-gallery-1-image' alt=\"\" aria-describedby=\"gallery-1-1113\" srcset=\"https:\/\/www.mirgeler.de\/wp-content\/uploads\/2020\/01\/B-300x169.jpg 300w, https:\/\/www.mirgeler.de\/wp-content\/uploads\/2020\/01\/B.jpg 480w\" sizes=\"auto, (max-width: 300px) 100vw, 300px\" \/><\/a>\n\t\t\t<\/dt>\n\t\t\t\t<dd class='wp-caption-text gallery-caption' id='gallery-1-1113'>\n\t\t\t\tSch\u00fcttguschaufen\n\t\t\t\t<\/dd><\/dl><dl class='gallery-item'>\n\t\t\t<dt class='gallery-icon landscape'>\n\t\t\t\t<a data-fancybox=\"materialis-gallery-1-group\" href='https:\/\/www.mirgeler.de\/wp-content\/uploads\/2020\/01\/KPC_red.jpg'><img loading=\"lazy\" decoding=\"async\"  width=\"300\" height=\"169\" src=\"https:\/\/www.mirgeler.de\/wp-content\/uploads\/2020\/01\/KPC_red-300x169.jpg\"  class='materialis-gallery-1-image' alt=\"\" aria-describedby=\"gallery-1-1125\" srcset=\"https:\/\/www.mirgeler.de\/wp-content\/uploads\/2020\/01\/KPC_red-300x169.jpg 300w, https:\/\/www.mirgeler.de\/wp-content\/uploads\/2020\/01\/KPC_red.jpg 480w\" sizes=\"auto, (max-width: 300px) 100vw, 300px\" \/><\/a>\n\t\t\t<\/dt>\n\t\t\t\t<dd class='wp-caption-text gallery-caption' id='gallery-1-1125'>\n\t\t\t\tSch\u00fcttgutkontainer\n\t\t\t\t<\/dd><\/dl><dl class='gallery-item'>\n\t\t\t<dt class='gallery-icon landscape'>\n\t\t\t\t<a data-fancybox=\"materialis-gallery-1-group\" href='https:\/\/www.mirgeler.de\/wp-content\/uploads\/2020\/01\/logo-1.jpg'><img loading=\"lazy\" decoding=\"async\"  width=\"300\" height=\"108\" src=\"https:\/\/www.mirgeler.de\/wp-content\/uploads\/2020\/01\/logo-1-300x108.jpg\"  class='materialis-gallery-1-image' alt=\"\" aria-describedby=\"gallery-1-1126\" srcset=\"https:\/\/www.mirgeler.de\/wp-content\/uploads\/2020\/01\/logo-1-300x108.jpg 300w, https:\/\/www.mirgeler.de\/wp-content\/uploads\/2020\/01\/logo-1.jpg 563w\" sizes=\"auto, (max-width: 300px) 100vw, 300px\" \/><\/a>\n\t\t\t<\/dt>\n\t\t\t\t<dd class='wp-caption-text gallery-caption' id='gallery-1-1126'>\n\t\t\t\tCAM\n\t\t\t\t<\/dd><\/dl><dl class='gallery-item'>\n\t\t\t<dt class='gallery-icon landscape'>\n\t\t\t\t<a data-fancybox=\"materialis-gallery-1-group\" href='https:\/\/www.mirgeler.de\/wp-content\/uploads\/2020\/01\/Bucket.jpg'><img loading=\"lazy\" decoding=\"async\"  width=\"300\" height=\"169\" src=\"https:\/\/www.mirgeler.de\/wp-content\/uploads\/2020\/01\/Bucket-300x169.jpg\"  class='materialis-gallery-1-image' alt=\"\" aria-describedby=\"gallery-1-1115\" srcset=\"https:\/\/www.mirgeler.de\/wp-content\/uploads\/2020\/01\/Bucket-300x169.jpg 300w, https:\/\/www.mirgeler.de\/wp-content\/uploads\/2020\/01\/Bucket.jpg 480w\" sizes=\"auto, (max-width: 300px) 100vw, 300px\" \/><\/a>\n\t\t\t<\/dt>\n\t\t\t\t<dd class='wp-caption-text gallery-caption' id='gallery-1-1115'>\n\t\t\t\tFrontladerschaufel\n\t\t\t\t<\/dd><\/dl><dl class='gallery-item'>\n\t\t\t<dt class='gallery-icon landscape'>\n\t\t\t\t<a data-fancybox=\"materialis-gallery-1-group\" href='https:\/\/www.mirgeler.de\/wp-content\/uploads\/2020\/01\/SNO.jpg'><img loading=\"lazy\" decoding=\"async\"  width=\"300\" height=\"169\" src=\"https:\/\/www.mirgeler.de\/wp-content\/uploads\/2020\/01\/SNO-300x169.jpg\"  class='materialis-gallery-1-image' alt=\"\" aria-describedby=\"gallery-1-1130\" srcset=\"https:\/\/www.mirgeler.de\/wp-content\/uploads\/2020\/01\/SNO-300x169.jpg 300w, https:\/\/www.mirgeler.de\/wp-content\/uploads\/2020\/01\/SNO.jpg 480w\" sizes=\"auto, (max-width: 300px) 100vw, 300px\" \/><\/a>\n\t\t\t<\/dt>\n\t\t\t\t<dd class='wp-caption-text gallery-caption' id='gallery-1-1130'>\n\t\t\t\tSchneeschieber\n\t\t\t\t<\/dd><\/dl><dl class='gallery-item'>\n\t\t\t<dt class='gallery-icon landscape'>\n\t\t\t\t<a data-fancybox=\"materialis-gallery-1-group\" href='https:\/\/www.mirgeler.de\/wp-content\/uploads\/2020\/01\/YSC.jpg'><img loading=\"lazy\" decoding=\"async\"  width=\"300\" height=\"169\" src=\"https:\/\/www.mirgeler.de\/wp-content\/uploads\/2020\/01\/YSC-300x169.jpg\"  class='materialis-gallery-1-image' alt=\"\" aria-describedby=\"gallery-1-1131\" srcset=\"https:\/\/www.mirgeler.de\/wp-content\/uploads\/2020\/01\/YSC-300x169.jpg 300w, https:\/\/www.mirgeler.de\/wp-content\/uploads\/2020\/01\/YSC.jpg 480w\" sizes=\"auto, (max-width: 300px) 100vw, 300px\" \/><\/a>\n\t\t\t<\/dt>\n\t\t\t\t<dd class='wp-caption-text gallery-caption' id='gallery-1-1131'>\n\t\t\t\tGummischieber\n\t\t\t\t<\/dd><\/dl>\n\t\t\t\n\t\t<\/div>\n<style>[data-unique-id='materialis-gallery-1-69e04b77a0747'] .wp-caption-text.gallery-caption{display:none;}<\/style><\/div><\/div><\/div> <\/div><\/div>","protected":false},"excerpt":{"rendered":"","protected":false},"author":1,"featured_media":0,"parent":314,"menu_order":2,"comment_status":"closed","ping_status":"closed","template":"pro\/page-templates\/full-width-page.php","meta":{"footnotes":""},"class_list":["post-375","page","type-page","status-publish","hentry"],"_links":{"self":[{"href":"https:\/\/www.mirgeler.de\/index.php?rest_route=\/wp\/v2\/pages\/375","targetHints":{"allow":["GET"]}}],"collection":[{"href":"https:\/\/www.mirgeler.de\/index.php?rest_route=\/wp\/v2\/pages"}],"about":[{"href":"https:\/\/www.mirgeler.de\/index.php?rest_route=\/wp\/v2\/types\/page"}],"author":[{"embeddable":true,"href":"https:\/\/www.mirgeler.de\/index.php?rest_route=\/wp\/v2\/users\/1"}],"replies":[{"embeddable":true,"href":"https:\/\/www.mirgeler.de\/index.php?rest_route=%2Fwp%2Fv2%2Fcomments&post=375"}],"version-history":[{"count":4,"href":"https:\/\/www.mirgeler.de\/index.php?rest_route=\/wp\/v2\/pages\/375\/revisions"}],"predecessor-version":[{"id":1133,"href":"https:\/\/www.mirgeler.de\/index.php?rest_route=\/wp\/v2\/pages\/375\/revisions\/1133"}],"up":[{"embeddable":true,"href":"https:\/\/www.mirgeler.de\/index.php?rest_route=\/wp\/v2\/pages\/314"}],"wp:attachment":[{"href":"https:\/\/www.mirgeler.de\/index.php?rest_route=%2Fwp%2Fv2%2Fmedia&parent=375"}],"curies":[{"name":"wp","href":"https:\/\/api.w.org\/{rel}","templated":true}]}}