{"id":455,"date":"2019-03-19T14:04:57","date_gmt":"2019-03-19T14:04:57","guid":{"rendered":"http:\/\/new.mirgeler.de\/?page_id=455"},"modified":"2022-08-29T10:16:56","modified_gmt":"2022-08-29T10:16:56","slug":"impressum","status":"publish","type":"page","link":"https:\/\/www.mirgeler.de\/?page_id=455","title":{"rendered":"Impressum"},"content":{"rendered":"<div  data-label=\"Cta\" data-id=\"cta--1\" data-export-id=\"cta-centered-bg-section\" data-category=\"cta\" data-section-ov=\"1\" class=\"cta-centered-bg-section content-section content-section-spacing-large white-text content-relative\" data-parallax-depth=\"20\" id=\"cta-1\" style=\"background-color: rgb(255, 255, 255);\"><div  class=\"section-separator-top\">\n    <svg  class=\"section-separator-top\" data-separator-name=\"triangle-asymmetrical-negative\" preserveAspectRatio=\"none\" viewBox=\"0 0 1000 100\" xmlns=\"http:\/\/www.w3.org\/2000\/svg\">\n        <path  class=\"svg-white-bg\" d=\"M737.9,94.7L0,0v100h1000V0L737.9,94.7z\"><\/path>\n    <\/svg>\n<\/div><div  class=\"gridContainer\"> <div  class=\"row text-center\"><div  class=\"col-xs-12\" data-type=\"column\"> <h2  class=\"\"><b >IMPRESSUM<\/b><span  class=\"font-300\"><\/span><\/h2> <\/div> <\/div><\/div> <\/div><div  data-label=\"Content\" data-id=\"content--1\" data-export-id=\"content-1-materialis\" data-category=\"content\" class=\"content-1-materialis content-section content-section-spacing-large content-relative\" id=\"content-1\" style=\"background-color: rgb(245, 250, 253);\"><div  class=\"gridContainer\"> <div  class=\"row middle-xs\"><div  class=\"col-xs-12 col-md-5 text-center-sm col-padding-small\" data-type=\"column\"> <h3  class=\"\">Verantwortlich f\u00fcr den Inhalt:<\/h3><\/div> <div  class=\"col-xs-12 col-md-6 col-md-offset-1\" data-type=\"column\"><p  class=\"lead\"><span  style=\"font-weight: 900; color: rgb(96, 0, 25);\">Industriereifen Mirgeler GmbH<\/span><br ><span  style=\"color: rgb(96, 0, 25);\">\nLanger Brauck 19<\/span><br ><span  style=\"color: rgb(96, 0, 25);\">\n58640 Iserlohn<\/span><br ><span  style=\"color: rgb(96, 0, 25);\">\nTel: +49 (0) 23 71 \/ 78 50 0<\/span><br ><span  style=\"color: rgb(96, 0, 25);\">\nFax: +49 (0) 23 71 \/ 78 50 25<\/span><br ><span  style=\"color: rgb(96, 0, 25);\">\nUmsatzsteuer-ID: DE 341363428<\/span><br ><span  style=\"color: rgb(96, 0, 25);\">\nHandelsregister: HRB-9921 \u2013 Amtsgericht Iserlohn<\/span><br ><span  style=\"color: rgb(96, 0, 25);\">\nGesch\u00e4ftsf\u00fchrer: Hubert Joithe<\/span><\/p><a class=\"button null color1 mdc-ripple-upgraded\" href=\"mailto:info@mirgeler.de\" target=\"_self\" data-cp-link=\"1\" data-icon=\"mdi-email-open\" rel=\"noopener\"><span  class=\"button-icon mdi mdi-email-open\"><\/span>E-Mail<\/a><\/div> <\/div><\/div> <div  class=\"section-separator-bottom\">\n    <svg  xmlns=\"http:\/\/www.w3.org\/2000\/svg\" viewBox=\"0 0 1000 100\" preserveAspectRatio=\"none\" data-separator-name=\"triangle-asymmetrical\" class=\"section-separator-bottom\">\n\t<path  class=\"svg-white-bg\" d=\"M738,99l262-93V0H0v5.6L738,99z\"><\/path>\n<\/svg>\n<\/div><\/div><div  data-label=\"Content\" data-id=\"content--3\" data-export-id=\"content-7-materialis\" data-category=\"content\" class=\"content-7m content-section-spacing-large content-section content-relative\" id=\"content-3\" style=\"background-color: rgb(255, 255, 255); background-image: none;\" data-section-ov=\"1\"><div  class=\"section-separator-top\">\n    <svg  class=\"section-separator-top\" data-separator-name=\"triangle-asymmetrical-negative\" preserveAspectRatio=\"none\" viewBox=\"0 0 1000 100\" xmlns=\"http:\/\/www.w3.org\/2000\/svg\">\n        <path  class=\"svg-white-bg\" d=\"M737.9,94.7L0,0v100h1000V0L737.9,94.7z\"><\/path>\n    <\/svg>\n<\/div><div  class=\"gridContainer\"> <div  class=\"row middle-sm\"><div  class=\"col-md-6 col-xs-12 col-sm-6 col-padding-small-xs\"> <img decoding=\"async\"  class=\"mdc-elevation--z13 img-rounded\" src=\"http:\/\/new.mirgeler.de\/wp-content\/uploads\/2019\/03\/cropped-MAJ-Stempel2006-2.jpg\"><\/div> <div  class=\"col-md-5 col-md-offset-1 col-xs-12 col-sm-6 content-left-sm col-padding-small-xs\" data-type=\"column\"><h6  class=\"upper\">Technischer Dienstleister<\/h6> <h3  class=\"space-bottom\">Konzeption &amp; techn. Umsetzung<\/h3> <p  class=\"space-top\"><span  style=\"font-weight: 900; color: rgb(96, 0, 25);\">Media Agentur Joithe\n<\/span><br ><span  style=\"color: rgb(96, 0, 25);\">Berliner Allee 62\n<\/span><br ><span  style=\"color: rgb(96, 0, 25);\">58642 Iserlohn<\/span><\/p> <a class=\"button null color1 mdc-ripple-upgraded\" href=\"mailto:media-agentur@joithe.de\" target=\"_self\" data-cp-link=\"1\" data-icon=\"mdi-email-open\" rel=\"noopener\"><span  class=\"button-icon mdi mdi-email-open\"><\/span>E-Mail<\/a><\/div> <\/div><\/div> <div  class=\"section-separator-bottom\">\n    <svg  xmlns=\"http:\/\/www.w3.org\/2000\/svg\" viewBox=\"0 0 1000 100\" preserveAspectRatio=\"none\" data-separator-name=\"triangle-asymmetrical\" class=\"section-separator-bottom\">\n\t<path  class=\"svg-white-bg\" d=\"M738,99l262-93V0H0v5.6L738,99z\"><\/path>\n<\/svg>\n<\/div><\/div><div  data-label=\"Content\" data-id=\"content--4\" data-export-id=\"content-1-materialis\" data-category=\"content\" class=\"content-1-materialis content-section content-section-spacing-large content-relative\" id=\"content-4\" style=\"background-color: rgb(255, 255, 255);\"><div  class=\"section-separator-top\">\n    <svg  class=\"section-separator-top\" data-separator-name=\"triangle-asymmetrical-negative\" preserveAspectRatio=\"none\" viewBox=\"0 0 1000 100\" xmlns=\"http:\/\/www.w3.org\/2000\/svg\">\n        <path  class=\"svg-white-bg\" d=\"M737.9,94.7L0,0v100h1000V0L737.9,94.7z\"><\/path>\n    <\/svg>\n<\/div><div  class=\"gridContainer\"> <div  class=\"row middle-xs\"><div  class=\"col-xs-12 col-md-5 text-center-sm col-padding-small\" data-type=\"column\"> <h3  class=\"\">Haftungsausschluss<\/h3><\/div> <div  class=\"col-xs-12 col-md-6 col-md-offset-1\" data-type=\"column\"><p  class=\"lead\"><span  style=\"color: rgb(96, 0, 25);\">Der Herausgeber pr\u00fcft und aktualisiert diese Informationen im Internet st\u00e4ndig.Trotz aller Sorgfalt k\u00f6nnen sich die Daten inzwischen ver\u00e4ndert haben. Eine Haftung oder Garantie f\u00fcr die Aktualit\u00e4t, Richtigkeit und Vollst\u00e4ndigkeit der zur Verf\u00fcgung gestellten Informationen kann daher nicht \u00fcbernommen werden.<\/span><br ><span  style=\"color: rgb(96, 0, 25);\">\n\n<br >Gleiches gilt auch f\u00fcr alle anderen Webseiten, auf die mittels Hyperlink verwiesen wird. Der Herausgeber ist f\u00fcr den Inhalt der Webseiten, die aufgrund einer solchen Verbindung erreicht werden, nicht verantwortlich. Des weiteren beh\u00e4lt sich der Herausgeber das Recht vor, \u00c4nderungen oder Erg\u00e4nzungen der bereitgestellten Informationen vorzunehmen.<\/span><\/p><\/div> <\/div><\/div> <\/div><div  data-label=\"Content\" data-id=\"content--5\" data-export-id=\"content-1-materialis\" data-category=\"content\" class=\"content-1-materialis content-section content-section-spacing-large\" id=\"content-5\" style=\"background-color: rgba(245, 250, 253, 0.855); background-image: none;\"><div  class=\"gridContainer\"> <div  class=\"row middle-xs\"><div  class=\"col-xs-12 col-md-5 text-center-sm col-padding-small\" data-type=\"column\"> <h3  class=\"\">Copyright<\/h3><\/div> <div  class=\"col-xs-12 col-md-6 col-md-offset-1\" data-type=\"column\"><p  class=\"lead\"><span  style=\"color: rgb(96, 0, 25);\">Inhalt und Struktur der Homepage ist urheberrechtlich gesch\u00fctzt. Die Vervielf\u00e4ltigung von Informationen oder Daten, insbesondere die Verwendung von Texten, Textteilen oder Bildmaterial, bedarf der vorherigen Zustimmung des Herausgebers bzw. der jeweiligen Rechteinhaber.<\/span><br ><span  style=\"color: rgb(96, 0, 25);\">\n\n<br >Alle verwendeten Bilder und Grafiken sind sorgf\u00e4ltig gepr\u00fcft und d\u00fcrfen nach aktuellem Stand mit Erlaubnis der jeweiligen Rechteinhaber verwendet werden.\n\n<\/span><br ><span  style=\"color: rgb(96, 0, 25);\">\nSollte trotzdem jemand der Meinung sein, Rechteinhaber an einem verwendeten Bestandteil dieser Homepage zu sein, so werden wir diesen Inhalt bis zu endg\u00fcltigen Kl\u00e4rung des Sachverhalts nat\u00fcrlich sofort entfernen. In diesem Fall bitten wir um kurze Nachricht.<\/span>e<\/p><a class=\"button null color1 mdc-ripple-upgraded\" href=\"mailto:info@mirgeler.de\" target=\"_self\" data-cp-link=\"1\" data-icon=\"mdi-email-open\" rel=\"noopener\"><span  class=\"button-icon mdi mdi-email-open\"><\/span>E-Mail<\/a><\/div> <\/div><\/div> <\/div><div  data-label=\"Content\" data-id=\"content--6\" data-export-id=\"content-1-materialis\" data-category=\"content\" class=\"content-1-materialis content-section content-section-spacing-large\" id=\"content-6\" style=\"background-color: rgb(255, 255, 255);\"><div  class=\"gridContainer\"> <div  class=\"row middle-xs\"><div  class=\"col-xs-12 col-md-5 text-center-sm col-padding-small\" data-type=\"column\"> <h3  class=\"\">Streitschlichtung\n<br >(Verbrauchervertr\u00e4ge)<\/h3><\/div> <div  class=\"col-xs-12 col-md-6 col-md-offset-1\" data-type=\"column\"><p  class=\"lead\"><span  style=\"color: rgb(51, 0, 0);\">Im Fall von Verbrauchervertr\u00e4gen sind wir freiwillig bereit, an dem Streitbeilegungsverfahren vor einer  Verbraucherstreitschlichtungsstelle teilzunehmen. Zust\u00e4ndig ist die <span  style=\"font-weight: 500;\">Universalschlichtungsstelle<\/span> des Zentrums f\u00fcr Schlichtung e.V., Stra\u00dfburger Stra\u00dfe 8, 77694 Kehl am Rhein (https:\/\/www.verbraucher-schlichter.de).<\/span><\/p><\/div> <\/div><\/div> <\/div>","protected":false},"excerpt":{"rendered":"","protected":false},"author":1,"featured_media":0,"parent":0,"menu_order":0,"comment_status":"closed","ping_status":"closed","template":"","meta":{"footnotes":""},"class_list":["post-455","page","type-page","status-publish","hentry"],"_links":{"self":[{"href":"https:\/\/www.mirgeler.de\/index.php?rest_route=\/wp\/v2\/pages\/455","targetHints":{"allow":["GET"]}}],"collection":[{"href":"https:\/\/www.mirgeler.de\/index.php?rest_route=\/wp\/v2\/pages"}],"about":[{"href":"https:\/\/www.mirgeler.de\/index.php?rest_route=\/wp\/v2\/types\/page"}],"author":[{"embeddable":true,"href":"https:\/\/www.mirgeler.de\/index.php?rest_route=\/wp\/v2\/users\/1"}],"replies":[{"embeddable":true,"href":"https:\/\/www.mirgeler.de\/index.php?rest_route=%2Fwp%2Fv2%2Fcomments&post=455"}],"version-history":[{"count":10,"href":"https:\/\/www.mirgeler.de\/index.php?rest_route=\/wp\/v2\/pages\/455\/revisions"}],"predecessor-version":[{"id":1374,"href":"https:\/\/www.mirgeler.de\/index.php?rest_route=\/wp\/v2\/pages\/455\/revisions\/1374"}],"wp:attachment":[{"href":"https:\/\/www.mirgeler.de\/index.php?rest_route=%2Fwp%2Fv2%2Fmedia&parent=455"}],"curies":[{"name":"wp","href":"https:\/\/api.w.org\/{rel}","templated":true}]}}