{"id":481,"date":"2019-03-19T15:05:13","date_gmt":"2019-03-19T15:05:13","guid":{"rendered":"http:\/\/new.mirgeler.de\/?page_id=481"},"modified":"2020-01-13T09:15:10","modified_gmt":"2020-01-13T09:15:10","slug":"kontakt","status":"publish","type":"page","link":"https:\/\/www.mirgeler.de\/?page_id=481","title":{"rendered":"Kontakt"},"content":{"rendered":"<div  data-label=\"Cta\" data-id=\"cta--1\" data-export-id=\"cta-centered-bg-section\" data-category=\"cta\" data-section-ov=\"1\" class=\"cta-centered-bg-section content-section content-section-spacing-large white-text content-relative\" data-parallax-depth=\"20\" id=\"cta-1\" style=\"background-color: rgb(255, 255, 255); background-image: url(&quot;http:\/\/new.mirgeler.de\/wp-content\/uploads\/2019\/03\/14103_640.jpg&quot;); background-size: cover; background-position: center top;\"><div  class=\"section-separator-top\">\n    <svg  class=\"section-separator-top\" data-separator-name=\"triangle-asymmetrical-negative\" preserveAspectRatio=\"none\" viewBox=\"0 0 1000 100\" xmlns=\"http:\/\/www.w3.org\/2000\/svg\">\n        <path  class=\"svg-white-bg\" d=\"M737.9,94.7L0,0v100h1000V0L737.9,94.7z\"><\/path>\n    <\/svg>\n<\/div><div  class=\"gridContainer\"> <div  class=\"row text-center\"><div  class=\"col-xs-12\" data-type=\"column\"> <h2  class=\"\"><span  style=\"font-weight: 900;\"><b >Kontaktinformationen<\/b><\/span><span  class=\"font-300\"><\/span><\/h2> <\/div> <\/div><\/div> <\/div><div  data-label=\"Adresse\" data-id=\"contact--1\" data-export-id=\"contact-2-materialis\" data-category=\"contact\" class=\"contact-2-materialis content-section content-section-spacing-large content-relative\" id=\"adresse\" style=\"background-color: rgb(245, 250, 253);\"><div  class=\"gridContainer\"> <div  class=\"row\"><div  class=\"section-title-col\" data-type=\"column\">  <p  class=\"lead\"><span  style=\"font-weight: 500; color: rgb(51, 0, 0);\">Wir w\u00fcrden uns sehr freuen, auch Ihr One-Stop-Shop f\u00fcr Ihren gesamten Intralogistik-Fuhrpark zu werden. Z\u00f6gern Sie nicht l\u00e4nger! \u2013 Sie k\u00f6nnen nur gewinnen!<\/span><\/p><\/div> <\/div> <div  class=\"row middle-sm\"> <div  class=\"col-xs-12 contact-info text-center space-top-small\" data-type=\"column\">    <p  class=\"lead\" style=\"text-align: center;\"><span  style=\"color: rgb(96, 0, 25);\">UNSERE ANSCHRIFT<\/span><br ><span  style=\"color: rgb(96, 0, 25); font-weight: 700;\">\nIndustriereifen Mirgeler GmbH<\/span><br ><span  style=\"color: rgb(96, 0, 25);\">\nLanger Brauck 19<\/span><br ><span  style=\"color: rgb(96, 0, 25);\">\n58640 Iserlohn<\/span><br ><span  style=\"color: rgb(96, 0, 25);\">\nTel: +49 (0) 23 71 \/ 78 50 0<\/span><br ><span  style=\"color: rgb(96, 0, 25);\">\nFax: +49 (0) 23 71 \/ 78 50 25\n<\/span><\/p><div  class=\"social-icons-group\" data-type=\"group\"> <a  href=\"https:\/\/fb.me\/mirgelergmbh\" target=\"lightbox\" class=\"\"><i  class=\"mdi social-icon mdi-facebook color1\"><\/i><\/a> <a  href=\"#\" target=\"_self\" data-reiki-hidden=\"true\"><i  class=\"mdi social-icon mdi-twitter color-gray\"><\/i><\/a> <a  href=\"#\" target=\"_self\" data-reiki-hidden=\"true\"><i  class=\"mdi social-icon mdi-instagram color-gray\"><\/i><\/a> <a  href=\"mailto:info@mirgeler.de\" target=\"_self\"><i  class=\"mdi social-icon mdi-email color1\"><\/i><\/a><\/div><a  class=\"button null mdc-ripple-upgraded color1\" href=\"https:\/\/www.mirgeler.de?page_id=92\" target=\"_self\" data-cp-link=\"1\" data-icon=\"mdi-google-maps\"><span class=\"button-icon mdi mdi-google-maps\" ><\/span>Wegbeschreibung<\/a><\/div><\/div> <\/div><div  class=\"section-separator-bottom\">\n    <svg  class=\"section-separator-bottom\" data-separator-name=\"triangle-asymmetrical-negative\" preserveAspectRatio=\"none\" viewBox=\"0 0 1000 100\" xmlns=\"http:\/\/www.w3.org\/2000\/svg\">\n        <path  class=\"svg-white-bg\" d=\"M737.9,94.7L0,0v100h1000V0L737.9,94.7z\"><\/path>\n    <\/svg>\n<\/div><\/div><div  data-label=\"Kontaktformular\" data-id=\"contact--2\" data-export-id=\"contact-1\" data-category=\"contact\" class=\"contact-1 content-section content-section-spacing-large content-relative white-text\" data-parallax-depth=\"20\" id=\"kontaktformular\" style=\"background-color: rgb(255, 255, 255);\"><div  class=\"gridContainer\"> <div  class=\"row text-center\"><div  class=\"section-title-col\" data-type=\"column\"> <h2  class=\"\">Kontaktformular<\/h2> <p  class=\"lead\">Bei Nutzung dieses Kontaktformulars nehmen Sie bitte unsere Datenschutzrichtlinie zur Kenntnis.\n<br >Mit Absenden des Formulars erkl\u00e4ren Sie sich damit einverstanden.<\/p><\/div> <\/div> <div  class=\"row text-center\"> <div  class=\"col-xs-12 col-sm-8 col-sm-offset-2 contact-form-wrapper inline-info\"> <div  class=\"card mdc-elevation--z3 col-padding-top\"> <div  class=\"dark-text\" data-content-shortcode=\"materialis_contact_form shortcode=&quot;contact-form-7 id=&amp;amp;quot;105&amp;amp;quot; title=&amp;amp;quot;Kontaktformular 1&amp;amp;quot;&quot;\" data-editable=\"true\">\n<div class=\"wpcf7 no-js\" id=\"wpcf7-f105-o1\" lang=\"de-DE\" dir=\"ltr\" data-wpcf7-id=\"105\">\n<div class=\"screen-reader-response\"><p role=\"status\" aria-live=\"polite\" aria-atomic=\"true\"><\/p> <ul><\/ul><\/div>\n<form action=\"\/index.php?rest_route=%2Fwp%2Fv2%2Fpages%2F481#wpcf7-f105-o1\" method=\"post\" class=\"wpcf7-form init\" aria-label=\"Kontaktformular\" novalidate=\"novalidate\" data-status=\"init\">\n<div style=\"display: none;\">\n<input type=\"hidden\" name=\"_wpcf7\" value=\"105\" \/>\n<input type=\"hidden\" name=\"_wpcf7_version\" value=\"6.0.3\" \/>\n<input type=\"hidden\" name=\"_wpcf7_locale\" value=\"de_DE\" \/>\n<input type=\"hidden\" name=\"_wpcf7_unit_tag\" value=\"wpcf7-f105-o1\" \/>\n<input type=\"hidden\" name=\"_wpcf7_container_post\" value=\"0\" \/>\n<input type=\"hidden\" name=\"_wpcf7_posted_data_hash\" value=\"\" \/>\n<\/div>\n<p><label> Dein Name (Pflichtfeld)<br \/>\n<span class=\"wpcf7-form-control-wrap\" data-name=\"your-name\"><input size=\"40\" maxlength=\"400\" class=\"wpcf7-form-control wpcf7-text wpcf7-validates-as-required\" aria-required=\"true\" aria-invalid=\"false\" value=\"\" type=\"text\" name=\"your-name\" \/><\/span> <\/label>\n<\/p>\n<p><label> Deine E-Mail-Adresse (Pflichtfeld)<br \/>\n<span class=\"wpcf7-form-control-wrap\" data-name=\"your-email\"><input size=\"40\" maxlength=\"400\" class=\"wpcf7-form-control wpcf7-email wpcf7-validates-as-required wpcf7-text wpcf7-validates-as-email\" aria-required=\"true\" aria-invalid=\"false\" value=\"\" type=\"email\" name=\"your-email\" \/><\/span> <\/label>\n<\/p>\n<p><label> Betreff<br \/>\n<span class=\"wpcf7-form-control-wrap\" data-name=\"your-subject\"><input size=\"40\" maxlength=\"400\" class=\"wpcf7-form-control wpcf7-text\" aria-invalid=\"false\" value=\"\" type=\"text\" name=\"your-subject\" \/><\/span> <\/label>\n<\/p>\n<p><label> Deine Nachricht<br \/>\n<span class=\"wpcf7-form-control-wrap\" data-name=\"your-message\"><textarea cols=\"40\" rows=\"10\" maxlength=\"2000\" class=\"wpcf7-form-control wpcf7-textarea\" aria-invalid=\"false\" name=\"your-message\"><\/textarea><\/span> <\/label>\n<\/p>\n<p><span class=\"wpcf7-form-control-wrap\" data-name=\"Datenschutz\"><span class=\"wpcf7-form-control wpcf7-checkbox wpcf7-validates-as-required wpcf7-exclusive-checkbox\"><span class=\"wpcf7-list-item first last\"><input type=\"checkbox\" name=\"Datenschutz\" value=\"Ich habe die Erkl\u00e4rung zum Datenschutz gelesen und akzeptiere diese.\" \/><span class=\"wpcf7-list-item-label\">Ich habe die Erkl\u00e4rung zum Datenschutz gelesen und akzeptiere diese.<\/span><\/span><\/span><\/span>\n<\/p>\n<p><input class=\"wpcf7-form-control wpcf7-submit has-spinner\" type=\"submit\" value=\"Senden\" \/>\n<\/p><div class=\"wpcf7-response-output\" aria-hidden=\"true\"><\/div>\n<\/form>\n<\/div>\n<\/div><\/div> <\/div><\/div> <\/div><\/div>","protected":false},"excerpt":{"rendered":"","protected":false},"author":1,"featured_media":0,"parent":0,"menu_order":0,"comment_status":"closed","ping_status":"closed","template":"pro\/page-templates\/full-width-page.php","meta":{"footnotes":""},"class_list":["post-481","page","type-page","status-publish","hentry"],"_links":{"self":[{"href":"https:\/\/www.mirgeler.de\/index.php?rest_route=\/wp\/v2\/pages\/481","targetHints":{"allow":["GET"]}}],"collection":[{"href":"https:\/\/www.mirgeler.de\/index.php?rest_route=\/wp\/v2\/pages"}],"about":[{"href":"https:\/\/www.mirgeler.de\/index.php?rest_route=\/wp\/v2\/types\/page"}],"author":[{"embeddable":true,"href":"https:\/\/www.mirgeler.de\/index.php?rest_route=\/wp\/v2\/users\/1"}],"replies":[{"embeddable":true,"href":"https:\/\/www.mirgeler.de\/index.php?rest_route=%2Fwp%2Fv2%2Fcomments&post=481"}],"version-history":[{"count":9,"href":"https:\/\/www.mirgeler.de\/index.php?rest_route=\/wp\/v2\/pages\/481\/revisions"}],"predecessor-version":[{"id":1135,"href":"https:\/\/www.mirgeler.de\/index.php?rest_route=\/wp\/v2\/pages\/481\/revisions\/1135"}],"wp:attachment":[{"href":"https:\/\/www.mirgeler.de\/index.php?rest_route=%2Fwp%2Fv2%2Fmedia&parent=481"}],"curies":[{"name":"wp","href":"https:\/\/api.w.org\/{rel}","templated":true}]}}