{"id":684,"date":"2019-03-22T14:03:50","date_gmt":"2019-03-22T14:03:50","guid":{"rendered":"http:\/\/new.mirgeler.de\/?page_id=684"},"modified":"2019-07-10T12:51:39","modified_gmt":"2019-07-10T12:51:39","slug":"verantwortung-2","status":"publish","type":"page","link":"https:\/\/www.mirgeler.de\/?page_id=684","title":{"rendered":"Verantwortung"},"content":{"rendered":"<div  data-label=\"Features\" data-id=\"features--1\" data-export-id=\"features-16-card-bordered\" data-category=\"features\" class=\"features-16-card-bordered content-section content-section-spacing-large\" id=\"features-1\" style=\"background-color: rgb(255, 255, 255);\"><div  class=\"gridContainer\"> <div  class=\"row text-center\"><div  class=\"section-title-col\" data-type=\"column\"> <h2  class=\"\"><span  style=\"font-weight: 700; color: rgb(51, 0, 0);\">Verantwortung \u00fcbernehmen<\/span><\/h2> <p  class=\"lead\"><span  style=\"font-weight: 700; color: rgb(51, 0, 0);\">\u201eAls Unternehmer haben wir eine exponierte Stellung. Daraus erw\u00e4chst aber auch eine Verantwortung, nicht nur f\u00fcr das eigene Unternehmen, sondern auch f\u00fcr die Gesellschaft und die Region in der man lebt und arbeitet.\u201c \u2013 Michael Joithe<\/span><\/p><\/div> <\/div> <div  class=\"row spaced-cols center-sm\" data-type=\"row\" data-max-items=\"4\"> <div  class=\"col-xs-12 col-sm-6 col-md-6 \"> <div  class=\"card mdc-elevation--z3 no-padding y-move\"> <img decoding=\"async\"  class=\"face\" src=\"http:\/\/new.mirgeler.de\/wp-content\/uploads\/2019\/03\/cropped-wj-3.jpg\"> <div  data-type=\"column\" class=\"col-padding-small col-padding-small-xs description-container\"> <h4  class=\"font-500\">Ehrenamt \/ Netzwerk \/ Verbandsleben<\/h4> <\/div> <div  data-type=\"column\" class=\"col-padding-small col-padding-small-xs read-more-container\"><a  class=\"button null mdc-ripple-upgraded color1\" href=\"https:\/\/www.mirgeler.de?page_id=633%2F#wj\" target=\"_self\" data-cp-link=\"1\" data-icon=\"\">Mehr Informationen<\/a><\/div> <\/div><\/div> <div  class=\"col-xs-12 col-sm-6 col-md-6 \"><div  class=\"card mdc-elevation--z3 no-padding y-move\"> <img decoding=\"async\"  class=\"face\" src=\"http:\/\/new.mirgeler.de\/wp-content\/uploads\/2019\/03\/cropped-roosterslogo2019_on-black_sbp-5.jpg\"> <div  data-type=\"column\" class=\"col-padding-small col-padding-small-xs description-container\"> <h4  class=\"font-500\">Unterst\u00fctzerclub der\n<br >ISERLOHN ROOSTERS<\/h4> <\/div> <div  data-type=\"column\" class=\"col-padding-small col-padding-small-xs read-more-container\"><a  class=\"button null color1 mdc-ripple-upgraded\" href=\"http:\/\/iserlohn-roosters.de\" target=\"lightbox\" data-cp-link=\"1\" data-icon=\"\">Zu den ROOSTERS<\/a><\/div> <\/div><\/div>  <\/div><\/div> <\/div>","protected":false},"excerpt":{"rendered":"","protected":false},"author":1,"featured_media":0,"parent":551,"menu_order":0,"comment_status":"closed","ping_status":"closed","template":"pro\/page-templates\/full-width-page.php","meta":{"footnotes":""},"class_list":["post-684","page","type-page","status-publish","hentry"],"_links":{"self":[{"href":"https:\/\/www.mirgeler.de\/index.php?rest_route=\/wp\/v2\/pages\/684","targetHints":{"allow":["GET"]}}],"collection":[{"href":"https:\/\/www.mirgeler.de\/index.php?rest_route=\/wp\/v2\/pages"}],"about":[{"href":"https:\/\/www.mirgeler.de\/index.php?rest_route=\/wp\/v2\/types\/page"}],"author":[{"embeddable":true,"href":"https:\/\/www.mirgeler.de\/index.php?rest_route=\/wp\/v2\/users\/1"}],"replies":[{"embeddable":true,"href":"https:\/\/www.mirgeler.de\/index.php?rest_route=%2Fwp%2Fv2%2Fcomments&post=684"}],"version-history":[{"count":8,"href":"https:\/\/www.mirgeler.de\/index.php?rest_route=\/wp\/v2\/pages\/684\/revisions"}],"predecessor-version":[{"id":993,"href":"https:\/\/www.mirgeler.de\/index.php?rest_route=\/wp\/v2\/pages\/684\/revisions\/993"}],"up":[{"embeddable":true,"href":"https:\/\/www.mirgeler.de\/index.php?rest_route=\/wp\/v2\/pages\/551"}],"wp:attachment":[{"href":"https:\/\/www.mirgeler.de\/index.php?rest_route=%2Fwp%2Fv2%2Fmedia&parent=684"}],"curies":[{"name":"wp","href":"https:\/\/api.w.org\/{rel}","templated":true}]}}