{"id":710,"date":"2019-03-22T15:02:50","date_gmt":"2019-03-22T15:02:50","guid":{"rendered":"http:\/\/new.mirgeler.de\/?page_id=710"},"modified":"2019-06-12T11:02:23","modified_gmt":"2019-06-12T11:02:23","slug":"srf-spezialraeder-fuer-fahrgeschaefte","status":"publish","type":"page","link":"https:\/\/www.mirgeler.de\/?page_id=710","title":{"rendered":"SRF &#8211; Spezialr\u00e4der f\u00fcr Fahrgesch\u00e4fte"},"content":{"rendered":"<div data-label=\"Cta\" data-id=\"cta--1\" data-export-id=\"cta-centered-bg-section\" data-category=\"cta\" data-section-ov=\"1\" class=\"cta-centered-bg-section content-section content-section-spacing-large white-text\" data-parallax-depth=\"20\" id=\"cta-1\"  style=\"background-color: rgb(255, 255, 255); background-image: url(&quot;http:\/\/new.mirgeler.de\/wp-content\/uploads\/2019\/03\/DCP05085.jpg&quot;); background-size: cover; background-position: center top;\"><div class=\"gridContainer\" > <div class=\"row text-center\" ><div class=\"col-xs-12\" data-type=\"column\" > <h2 class=\"\" ><span style=\"font-weight: 700;\" ><b >SRF &#8211; Spezialr\u00e4der f\u00fcr Fahrgesch\u00e4fte<\/b><\/span><span class=\"font-300\" ><\/span><\/h2> <\/div> <\/div><\/div> <\/div><!-- CloudPress Companion Preview Data START --><div  data-label=\"About\" data-id=\"about--1\" data-export-id=\"about-5-materialis\" data-category=\"about\" class=\"about-5-materialis content-section content-section-spacing-large content-relative\" id=\"about-1\" style=\"background-color: rgb(255, 255, 255);\"><div  class=\"section-separator-top\">\n    <svg  class=\"section-separator-top\" data-separator-name=\"triangle-asymmetrical-negative\" preserveAspectRatio=\"none\" viewBox=\"0 0 1000 100\" xmlns=\"http:\/\/www.w3.org\/2000\/svg\">\n        <path  class=\"svg-white-bg\" d=\"M737.9,94.7L0,0v100h1000V0L737.9,94.7z\"><\/path>\n    <\/svg>\n<\/div><div  class=\"gridContainer\"> <div  class=\"row middle-xs relative-content\"><div  class=\"col-xs-12 col-sm-5 col-sm-offset-1 image-left\"> <img decoding=\"async\"  src=\"http:\/\/new.mirgeler.de\/wp-content\/uploads\/2019\/03\/cropped-logo_hp-Individuell-2.jpg\"><\/div> <div  class=\"col-xs-12 col-sm-4 col-sm-offset-1 col-padding-small-xs content-col\" data-type=\"column\"><h3  class=\"\">Spezial-R\u00e4der<br > <span  style=\"font-family: Playfair Display,sans-serif; font-weight: 700; font-style: italic;\" href=\"#\">Entwicklung &amp; Montage<\/span> f\u00fcr Achterbahnen und Fahrgesch\u00e4fte aller Art.<\/h3> <p  class=\"\">Bereits seit 2006 sind wir OEM-Zulieferer f\u00fcr R\u00e4der im Sonderbau f\u00fcr Achterbahnen und Fahrgesch\u00e4fte aller Art.\n\n<br >\n<br >Diese Nische hat sich inzwischen zu einen weiteren Standbein unseres Unternehmens entwickelt.<br >\n<br >Wir beraten und beliefern die nahmhaften europ\u00e4ischen Hersteller f\u00fcr Achterbahnen und Fahrgesch\u00e4fte in allen Fragen rund um R\u00e4der und Rollen.\n<br ><br >\nDank unserer Expertise sind wir z.T. bereits bei der Konzeption neuer Fahrgesch\u00e4fte mit am Tisch.<br >\nSo beraten wir zum Beispiel in Fragen zu\u2026.<\/p> <\/div> <\/div> <div  class=\"content-overlay\"><\/div> <\/div><div  class=\"section-separator-bottom\">\n    <svg  class=\"section-separator-bottom\" data-separator-name=\"triangle-asymmetrical-negative\" preserveAspectRatio=\"none\" viewBox=\"0 0 1000 100\" xmlns=\"http:\/\/www.w3.org\/2000\/svg\">\n        <path  class=\"svg-white-bg\" d=\"M737.9,94.7L0,0v100h1000V0L737.9,94.7z\"><\/path>\n    <\/svg>\n<\/div><\/div><div  data-label=\"Overlappable\" data-id=\"overlappable--1\" data-export-id=\"overlappable-4-materialis\" data-category=\"overlappable\" class=\"overlappable-4-materialis content-section content-section-spacing-large content-relative\" data-overlap=\"true\" id=\"overlappable-1\" style=\"background-color: rgb(255, 255, 255);\"><div  class=\"section-separator-top\">\n    <svg  class=\"section-separator-top\" data-separator-name=\"triangle-asymmetrical-negative\" preserveAspectRatio=\"none\" viewBox=\"0 0 1000 100\" xmlns=\"http:\/\/www.w3.org\/2000\/svg\">\n        <path  class=\"svg-white-bg\" d=\"M737.9,94.7L0,0v100h1000V0L737.9,94.7z\"><\/path>\n    <\/svg>\n<\/div><div  class=\"gridContainer\"> <div  data-type=\"row\" class=\"row \"><div  class=\"col-xs-12 col-sm-4 col-padding-small col-padding-small-xs white-text coloured-box bg-color1\"> <div  class=\"row \"><div  class=\"col-xs-12 col-sm-fit\" data-fixed=\"true\"> <i  class=\"mdi mdi-forum icon bordered round color-white\"><\/i><\/div> <div  data-type=\"column\" class=\"col-xs-12 col-sm\"><h5  class=\"\">Materialeigenschaften<\/h5> <p  class=\"font-300\">Egal ob Lauffl\u00e4che oder Radk\u00f6rper, das Material hat einen gro\u00dfen Einfluss auf das Endprodukt.<\/p><\/div> <\/div><\/div> <div  class=\"col-xs-12 col-sm-4 col-padding-small col-padding-small-xs white-text coloured-box bg-color1\"><div  class=\"row \"> <div  class=\"col-xs-12 col-sm-fit\" data-fixed=\"true\"><i  class=\"mdi mdi-forum icon bordered round color-white\"><\/i><\/div> <div  data-type=\"column\" class=\"col-xs-12 col-sm\"><h5  class=\"\">Radaufnahme<\/h5> <p  class=\"font-300\">Wie wird das Rad am Fahrzeug oder Motor befestigt? Wir finden eine L\u00f6sung f\u00fcr einen optimalen Einsatz.<\/p><\/div> <\/div><\/div> <div  class=\"col-xs-12 col-sm-4 col-padding-small col-padding-small-xs white-text coloured-box bg-color1\"><div  class=\"row \"> <div  class=\"col-xs-12 col-sm-fit\" data-fixed=\"true\"><i  class=\"mdi mdi-forum icon bordered round color-white\"><\/i><\/div> <div  data-type=\"column\" class=\"col-xs-12 col-sm\"><h5  class=\"\">Lebensdauer<\/h5> <p  class=\"font-300\">Gerade bei Fahrgesch\u00e4ften spielt die Sicherheit eine gro\u00dfe Rolle. R\u00e4der und Rollen m\u00fcssen daher regelm\u00e4\u00dfig gepr\u00fcft und ausgetauscht werden. <\/p><\/div> <\/div><\/div> <\/div><\/div> <div  class=\"section-separator-bottom\">\n    <svg  class=\"section-separator-bottom\" data-separator-name=\"triangle-asymmetrical-negative\" preserveAspectRatio=\"none\" viewBox=\"0 0 1000 100\" xmlns=\"http:\/\/www.w3.org\/2000\/svg\">\n        <path  class=\"svg-white-bg\" d=\"M737.9,94.7L0,0v100h1000V0L737.9,94.7z\"><\/path>\n    <\/svg>\n<\/div><\/div><!-- CloudPress Companion Preview Data START --><div  data-label=\"Overlappable\" data-id=\"overlappable--2\" data-export-id=\"overlappable-3\" data-category=\"overlappable\" class=\"overlappable-3 content-section content-section-spacing-large content-relative\" data-overlap=\"true\" id=\"overlappable-2\" style=\"background-color: rgb(255, 255, 255);\"><div  class=\"section-separator-top\">\n    <svg  class=\"section-separator-top\" data-separator-name=\"triangle-asymmetrical-negative\" preserveAspectRatio=\"none\" viewBox=\"0 0 1000 100\" xmlns=\"http:\/\/www.w3.org\/2000\/svg\">\n        <path  class=\"svg-white-bg\" d=\"M737.9,94.7L0,0v100h1000V0L737.9,94.7z\"><\/path>\n    <\/svg>\n<\/div><div  class=\"gridContainer\"> <div  class=\"row bg-color-white mdc-elevation--z5\"><div  class=\"col-xs-12 col-sm-6 image-col\" data-size=\"600x400\" data-bg=\"image\" style=\"background-image: url(&quot;http:\/\/new.mirgeler.de\/wp-content\/uploads\/2019\/06\/cropped-DSCN0146-Gro\u00df.jpg&quot;);\"><\/div> <div  class=\"col-xs-12 col-sm-6 content-col col-padding \"> <div  class=\"col-padding\" data-type=\"column\"> <h4  class=\"\">Konfektion und Versand<\/h4> <p  class=\"\">Da Fahrgesch\u00e4fte in der Regel erst am Zielort aufgebaut werden,&nbsp; montieren, verpacken und lagern wir f\u00fcr unsere Kunden die R\u00e4der und Rollen f\u00fcr den \u201ejust in time\u201c-Versand. <\/p> <\/div> <\/div><\/div> <div  class=\"row bg-color-white mdc-elevation--z5\"><div  class=\"col-xs-12 col-sm-6 content-col col-padding \"> <div  class=\"col-padding\" data-type=\"column\"><h4  class=\"\">Sonderfertigungen und Qualit\u00e4t<\/h4> <p  class=\"\">Egal wie ausgefallen die W\u00fcnsche auch sind, wir suchen nach L\u00f6sungen und bearbeiten auch fertige R\u00e4der mit Spezialmaschinen, um unsere Kunden zufrieden zu stellen.<\/p> <a  class=\"button null color1 mdc-ripple-upgraded\" href=\"#\" target=\"_self\" data-cp-link=\"1\" data-icon=\"\">Kontakt<\/a><\/div> <\/div> <div  data-size=\"600x400\" class=\"col-xs-12 col-sm-6 image-col2 first-xs last-sm\" data-bg=\"image\" style=\"background-image: url(&quot;http:\/\/new.mirgeler.de\/wp-content\/uploads\/2019\/06\/cropped-rework-in-progress.jpg&quot;);\"><\/div> <\/div><\/div> <div  class=\"section-separator-bottom\">\n    <svg  class=\"section-separator-bottom\" data-separator-name=\"triangle-asymmetrical-negative\" preserveAspectRatio=\"none\" viewBox=\"0 0 1000 100\" xmlns=\"http:\/\/www.w3.org\/2000\/svg\">\n        <path  class=\"svg-white-bg\" d=\"M737.9,94.7L0,0v100h1000V0L737.9,94.7z\"><\/path>\n    <\/svg>\n<\/div><\/div><div  data-label=\"Content\" data-id=\"content--1\" data-export-id=\"content-1\" data-category=\"content\" class=\"content-1 content-section content-section-spacing-large content-relative\" id=\"content-1\" style=\"background-color: rgb(245, 250, 253);\"><div  class=\"section-separator-top\">\n    <svg  class=\"section-separator-top\" data-separator-name=\"triangle-asymmetrical-negative\" preserveAspectRatio=\"none\" viewBox=\"0 0 1000 100\" xmlns=\"http:\/\/www.w3.org\/2000\/svg\">\n        <path  class=\"svg-white-bg\" d=\"M737.9,94.7L0,0v100h1000V0L737.9,94.7z\"><\/path>\n    <\/svg>\n<\/div><div  class=\"gridContainer\"> <div  class=\"row middle-sm\"><div  class=\"col-md-5 col-xs-12 col-sm-6\" data-type=\"column\"> <h2  class=\"\">Sommer-Rodelbahn auf der IGA in Berlin <\/h2> <p  class=\"\">F\u00fcr die Sommerordelbahn, welche auf dem Gel\u00e4nde der Internationalen Gartenausstellung (IGA) in Berlin steht, haben wir s\u00e4mtliche R\u00e4der und Rollen entwickelt und geliefert.\n<br >\n<br >Genie\u00dfen Sie im Video die Fahrt mit dem Rollbob.<\/p> <\/div> <div  class=\"col-md-6 col-md-offset-1 col-xs-12 col-sm-6 col-padding-small-xs center-xs middle-xs space-bottom-xs\"><div  class=\"border-radius-8 lightbox-video lightbox-video-tall dark-overlay mdc-elevation--z10 flexbox middle-xs center-xs\" data-type=\"group\" data-bg=\"image\" style=\"background-image: url(&quot;http:\/\/new.mirgeler.de\/wp-content\/uploads\/2019\/06\/cropped-Bobbahn-Cluj.jpg&quot;);\"> <a  data-fancybox=\"\" data-video-lightbox=\"true\" href=\"https:\/\/youtu.be\/bCvi_aqCApM\" class=\"\"> <i  data-cp-mdi=\"true\" class=\"mdi icon video-icon mdi-play-circle color-white\"><\/i><\/a> <\/div><\/div> <\/div><\/div> <div  class=\"section-separator-bottom\">\n    <svg  class=\"section-separator-bottom\" data-separator-name=\"triangle-asymmetrical-negative\" preserveAspectRatio=\"none\" viewBox=\"0 0 1000 100\" xmlns=\"http:\/\/www.w3.org\/2000\/svg\">\n        <path  class=\"svg-white-bg\" d=\"M737.9,94.7L0,0v100h1000V0L737.9,94.7z\"><\/path>\n    <\/svg>\n<\/div><\/div>","protected":false},"excerpt":{"rendered":"","protected":false},"author":1,"featured_media":0,"parent":0,"menu_order":0,"comment_status":"closed","ping_status":"closed","template":"pro\/page-templates\/full-width-page.php","meta":{"footnotes":""},"class_list":["post-710","page","type-page","status-publish","hentry"],"_links":{"self":[{"href":"https:\/\/www.mirgeler.de\/index.php?rest_route=\/wp\/v2\/pages\/710","targetHints":{"allow":["GET"]}}],"collection":[{"href":"https:\/\/www.mirgeler.de\/index.php?rest_route=\/wp\/v2\/pages"}],"about":[{"href":"https:\/\/www.mirgeler.de\/index.php?rest_route=\/wp\/v2\/types\/page"}],"author":[{"embeddable":true,"href":"https:\/\/www.mirgeler.de\/index.php?rest_route=\/wp\/v2\/users\/1"}],"replies":[{"embeddable":true,"href":"https:\/\/www.mirgeler.de\/index.php?rest_route=%2Fwp%2Fv2%2Fcomments&post=710"}],"version-history":[{"count":5,"href":"https:\/\/www.mirgeler.de\/index.php?rest_route=\/wp\/v2\/pages\/710\/revisions"}],"predecessor-version":[{"id":967,"href":"https:\/\/www.mirgeler.de\/index.php?rest_route=\/wp\/v2\/pages\/710\/revisions\/967"}],"wp:attachment":[{"href":"https:\/\/www.mirgeler.de\/index.php?rest_route=%2Fwp%2Fv2%2Fmedia&parent=710"}],"curies":[{"name":"wp","href":"https:\/\/api.w.org\/{rel}","templated":true}]}}