{"id":749,"date":"2019-03-25T10:24:23","date_gmt":"2019-03-25T10:24:23","guid":{"rendered":"http:\/\/new.mirgeler.de\/?page_id=749"},"modified":"2019-07-10T11:33:07","modified_gmt":"2019-07-10T11:33:07","slug":"fahrzeuge","status":"publish","type":"page","link":"https:\/\/www.mirgeler.de\/?page_id=749","title":{"rendered":"Fahrzeuge"},"content":{"rendered":"<div  data-label=\"Cta\" data-id=\"cta--1\" data-export-id=\"cta-1-materialis\" data-category=\"cta\" class=\"content-relative content-section content-section-spacing-large cta-1-materialis section-title-col-white-text\" data-section-ov=\"1\" data-parallax-depth=\"20\" id=\"cta-1\" style=\"background-color: rgb(255, 255, 255); background-size: cover; background-position: center top; background-image: url(&quot;http:\/\/new.mirgeler.de\/wp-content\/uploads\/2019\/03\/dcp01590_640.jpg&quot;);\"><div  class=\"section-separator-top\">\n    <svg  class=\"section-separator-top\" data-separator-name=\"triangle-asymmetrical-negative\" preserveAspectRatio=\"none\" viewBox=\"0 0 1000 100\" xmlns=\"http:\/\/www.w3.org\/2000\/svg\">\n        <path  class=\"svg-white-bg\" d=\"M737.9,94.7L0,0v100h1000V0L737.9,94.7z\"><\/path>\n    <\/svg>\n<\/div><div  class=\"gridContainer\"> <div  class=\"row text-center col-sm-padding-medium\"><div  class=\"col-md-6 col-md-offset-3 col-xs-10 col-xs-offset-1 card mdc-elevation--z3 box-padding-lr-small\"> <div  data-type=\"column\" class=\"\"><h2  class=\"\"><span  style=\"font-weight: 700; color: rgb(51, 0, 0);\">Fahrzeuge<\/span><\/h2>  <h3  class=\"\"><span  style=\"color: rgb(51, 0, 0);\">Neu-, Gebraucht- und Mietfahrzeuge<\/span><\/h3><\/div> <\/div><\/div> <\/div><div  class=\"section-separator-bottom\">\n    <svg  class=\"section-separator-bottom\" data-separator-name=\"triangle-asymmetrical-negative\" preserveAspectRatio=\"none\" viewBox=\"0 0 1000 100\" xmlns=\"http:\/\/www.w3.org\/2000\/svg\">\n        <path  class=\"svg-white-bg\" d=\"M737.9,94.7L0,0v100h1000V0L737.9,94.7z\"><\/path>\n    <\/svg>\n<\/div><\/div><div  data-label=\"Portfolio\" data-id=\"portfolio--1\" data-export-id=\"portfolio-2-materialis\" data-category=\"portfolio\" class=\"portfolio-2-materialis content-section-spacing-large content-section bg-color-white content-relative\" id=\"portfolio-1\"><div  class=\"section-separator-top\">\n    <svg  class=\"section-separator-top\" data-separator-name=\"triangle-asymmetrical-negative\" preserveAspectRatio=\"none\" viewBox=\"0 0 1000 100\" xmlns=\"http:\/\/www.w3.org\/2000\/svg\">\n        <path  class=\"svg-white-bg\" d=\"M737.9,94.7L0,0v100h1000V0L737.9,94.7z\"><\/path>\n    <\/svg>\n<\/div><div  class=\"gridContainer\"> <div  class=\"row\"><div  class=\"section-title-col\" data-type=\"column\"> <h2  class=\"\"><span  style=\"font-weight: 700; color: rgb(51, 0, 0);\">NEUFAHRZEUGE<\/span><\/h2> <p  class=\"lead\">Wir sind Vertriebs- und Serviceunternehmen f\u00fcr folgende Hersteller<\/p><\/div> <\/div> <div  class=\"row text-left spaced-cols center-sm\" data-type=\"row\" data-fixed=\"true\"> <div  class=\"col-md-4 col-sm-6 col-xs-12\"> <div  class=\"card mdc-elevation--z3 no-padding\" data-hover-fx=\"portfolio-1\"> <div  class=\"image\"> <img decoding=\"async\"  src=\"http:\/\/new.mirgeler.de\/wp-content\/uploads\/2019\/03\/cropped-LIFTER-BY-PRAMAC-768x399-1.jpg\" data-size=\"375x220\"><\/div> <div  class=\"text col-padding col-xs-12\"><h6  class=\"font-400 color1\">PRAMAC Lifter<\/h6> <a  class=\"h5 font-400\" href=\"\/?page_id=753\" target=\"_self\" data-cp-link=\"1\">LIFTER-Seite<\/a><\/div> <\/div><\/div> <div  class=\"col-md-4 col-sm-6 col-xs-12\"><div  class=\"card mdc-elevation--z3 no-padding\" data-hover-fx=\"portfolio-1\"> <div  class=\"image\"> <img decoding=\"async\"  src=\"http:\/\/new.mirgeler.de\/wp-content\/uploads\/2019\/03\/cropped-ergonomie-4.jpg\" data-size=\"375x220\"><\/div> <div  class=\"text col-padding col-xs-12\" data-type=\"column\"><h6  class=\"font-400 color1\">LOGITRANS<\/h6> <a  class=\"h5 font-400\" href=\"\/?page_id=755\" target=\"_self\" data-cp-link=\"1\">Logitrans-Seite<\/a><\/div> <\/div><\/div>     <div  class=\"col-md-4 col-sm-6 col-xs-12\"> <div  class=\"card mdc-elevation--z3 no-padding\" data-hover-fx=\"portfolio-1\"> <div  class=\"image\"> <img decoding=\"async\"  src=\"http:\/\/new.mirgeler.de\/wp-content\/uploads\/2019\/03\/cropped-cropped-masthead_d_640-1.jpg\" data-size=\"375x220\"><\/div> <div  class=\"text col-padding col-xs-12\"><h6  class=\"font-400 color1\">SmartSweep<\/h6> <a  class=\"h5 font-400\" href=\"\/?page_id=853\" target=\"_self\" data-cp-link=\"1\">SmartSweep-Seite<\/a><\/div> <\/div><\/div><\/div><\/div> <div  class=\"section-separator-bottom\">\n    <svg  class=\"section-separator-bottom\" data-separator-name=\"triangle-asymmetrical-negative\" preserveAspectRatio=\"none\" viewBox=\"0 0 1000 100\" xmlns=\"http:\/\/www.w3.org\/2000\/svg\">\n        <path  class=\"svg-white-bg\" d=\"M737.9,94.7L0,0v100h1000V0L737.9,94.7z\"><\/path>\n    <\/svg>\n<\/div><\/div><div  data-label=\"MuG\" data-id=\"cta--2\" data-export-id=\"cta-1-materialis\" data-category=\"cta\" class=\"content-relative content-section content-section-spacing-large cta-1-materialis section-title-col-white-text\" data-section-ov=\"1\" data-parallax-depth=\"20\" id=\"mug\" style=\"background-color: rgb(245, 250, 253); background-image: url(&quot;http:\/\/new.mirgeler.de\/wp-content\/uploads\/2019\/03\/dcp01590_640.jpg&quot;); background-size: cover; background-position: center top;\"><div  class=\"section-separator-top\">\n    <svg  xmlns=\"http:\/\/www.w3.org\/2000\/svg\" viewBox=\"0 0 1000 100\" preserveAspectRatio=\"none\" data-separator-name=\"triangle-asymmetrical\" class=\"section-separator-top\">\n\t<path  class=\"svg-white-bg\" d=\"M738,99l262-93V0H0v5.6L738,99z\"><\/path>\n<\/svg>\n<\/div><div  class=\"gridContainer\"> <div  class=\"row text-center col-sm-padding-medium\"><div  class=\"col-md-6 col-md-offset-3 col-xs-10 col-xs-offset-1 card mdc-elevation--z3 box-padding-lr-small\"> <div  data-type=\"column\" class=\"\"><h2  class=\"\"><span  style=\"font-weight: 700; color: rgb(51, 0, 0);\">Mietstapler &amp; Gebrauchtger\u00e4te<\/span><\/h2>  <\/div> <\/div><\/div> <\/div><div  class=\"section-separator-bottom\">\n    <svg  class=\"section-separator-bottom\" data-separator-name=\"triangle-asymmetrical-negative\" preserveAspectRatio=\"none\" viewBox=\"0 0 1000 100\" xmlns=\"http:\/\/www.w3.org\/2000\/svg\">\n        <path  class=\"svg-white-bg\" d=\"M737.9,94.7L0,0v100h1000V0L737.9,94.7z\"><\/path>\n    <\/svg>\n<\/div><\/div><div  data-label=\"Content\" data-id=\"content--1\" data-export-id=\"content-7-materialis\" data-category=\"content\" class=\"content-7m content-section-spacing-large content-section content-relative\" id=\"content-1\" style=\"background-color: rgb(255, 255, 255);\"><div  class=\"section-separator-top\">\n    <svg  xmlns=\"http:\/\/www.w3.org\/2000\/svg\" viewBox=\"0 0 1000 100\" preserveAspectRatio=\"none\" data-separator-name=\"triangle-asymmetrical\" class=\"section-separator-top\">\n\t<path  class=\"svg-white-bg\" d=\"M738,99l262-93V0H0v5.6L738,99z\"><\/path>\n<\/svg>\n<\/div><div  class=\"gridContainer\"> <div  class=\"row middle-sm\"><div  class=\"col-md-6 col-xs-12 col-sm-6 col-padding-small-xs\"> <img decoding=\"async\"  class=\"mdc-elevation--z13 img-rounded\" src=\"http:\/\/new.mirgeler.de\/wp-content\/uploads\/2019\/03\/cropped-dcp05492medium_640.jpg\"><\/div> <div  class=\"col-md-5 col-md-offset-1 col-xs-12 col-sm-6 content-left-sm col-padding-small-xs\" data-type=\"column\"><h6  class=\"upper\">Kurzfristige Engp\u00e4sse?<\/h6> <h3  class=\"space-bottom\"><span  style=\"font-weight: 500; color: rgb(51, 0, 0);\">Mietger\u00e4te<\/span><\/h3> <p  class=\"space-top\"><span  style=\"color: rgb(51, 0, 0);\">Wir vermitteln Ihnen kurzfristig Mietger\u00e4te aller Klassen, um momentane Unterkapazit\u00e4ten zu \u00fcberbr\u00fccken.\n<\/span><br ><br ><span  style=\"color: rgb(51, 0, 0);\">\n* Sie binden sich nicht langfristig Kapital.<\/span><br ><span  style=\"color: rgb(51, 0, 0);\">\n* Sie bestimmen die Mietdauer.<\/span><br ><span  style=\"color: rgb(51, 0, 0);\">\n* Fullservice \u2013 inkl. aller Verschlei\u00dfteile.<\/span><\/p> <a  class=\"button null color1 mdc-ripple-upgraded\" href=\"mailto:info@mirgeler.de\" target=\"_self\" data-cp-link=\"1\" data-icon=\"mdi-email\">Anfragen<\/a><\/div> <\/div><\/div> <div  class=\"section-separator-bottom\">\n    <svg  xmlns=\"http:\/\/www.w3.org\/2000\/svg\" viewBox=\"0 0 1000 100\" preserveAspectRatio=\"none\" data-separator-name=\"triangle-negative\" class=\"section-separator-bottom\">\n\t<path  class=\"svg-white-bg\" d=\"M500.2,94.7L0,0v100h1000V0L500.2,94.7z\"><\/path>\n<\/svg>\n<\/div><\/div><div  data-label=\"Content\" data-id=\"content--2\" data-export-id=\"content-8-materialis\" data-category=\"content\" class=\"content-8m content-section-spacing-large content-section content-relative\" id=\"content-2\" style=\"background-color: rgb(245, 250, 253);\"><div  class=\"section-separator-top\">\n    <svg  xmlns=\"http:\/\/www.w3.org\/2000\/svg\" viewBox=\"0 0 1000 100\" preserveAspectRatio=\"none\" data-separator-name=\"triangle\" class=\"section-separator-top\">\n\t<path  class=\"svg-white-bg\" d=\"M500,98.9L0,6.1V0h1000v6.1L500,98.9z\"><\/path>\n<\/svg>\n<\/div><div  class=\"gridContainer\"> <div  class=\"row middle-sm\"><div  class=\"col-md-5 col-xs-12 col-sm-6 space-bottom-xs\" data-type=\"column\">  <h3  class=\"\"><span  style=\"font-weight: 700; color: rgb(51, 0, 0);\">Gebrauchtstapler &amp; Fahrzeuge<\/span><\/h3> <p  class=\"space-top\"><span  style=\"color: rgb(51, 0, 0);\">Neben Mietger\u00e4ten bieten wir Ihnen gerne auch Gebrauchtger\u00e4te an.<\/span><br ><span  style=\"color: rgb(51, 0, 0);\">\n\n<br >Durch den st\u00e4ndigen Kontakte mit unseren langj\u00e4hrigen Kunden &amp; Lieferanten haben wir durchgehend Zugriff auf werkstattgepr\u00fcfte Gebrauchtger\u00e4te aller Art:<\/span><br ><span  style=\"color: rgb(51, 0, 0);\">\n* Deichselger\u00e4te<\/span><br ><span  style=\"color: rgb(51, 0, 0);\">\n* Frontstapler<\/span><br ><span  style=\"color: rgb(51, 0, 0);\">\n* Schubmaster<\/span><br ><span  style=\"color: rgb(51, 0, 0);\">\n* Arbeitsb\u00fchnen u.v.m.\n<\/span><br ><span  style=\"color: rgb(51, 0, 0);\">\nTeilen Sie uns Ihren Bedarf mit und wir finden DEN Gebrauchtstapler f\u00fcr Sie.<\/span><\/p>  <a  class=\"button null color1 mdc-ripple-upgraded\" href=\"mailto:info@mirgeler.de\" target=\"_self\" data-cp-link=\"1\" data-icon=\"mdi-email\">Anfragen<\/a><\/div> <div  class=\"col-md-6 col-md-offset-1 col-xs-12 col-sm-6\"> <img decoding=\"async\"  class=\"mdc-elevation--z9 rounded\" src=\"http:\/\/new.mirgeler.de\/wp-content\/uploads\/2019\/03\/cropped-Stock_Heftrucks_2014_05_1.jpg\"><\/div> <\/div><\/div> <\/div>","protected":false},"excerpt":{"rendered":"","protected":false},"author":1,"featured_media":0,"parent":0,"menu_order":0,"comment_status":"closed","ping_status":"closed","template":"pro\/page-templates\/full-width-page.php","meta":{"footnotes":""},"class_list":["post-749","page","type-page","status-publish","hentry"],"_links":{"self":[{"href":"https:\/\/www.mirgeler.de\/index.php?rest_route=\/wp\/v2\/pages\/749","targetHints":{"allow":["GET"]}}],"collection":[{"href":"https:\/\/www.mirgeler.de\/index.php?rest_route=\/wp\/v2\/pages"}],"about":[{"href":"https:\/\/www.mirgeler.de\/index.php?rest_route=\/wp\/v2\/types\/page"}],"author":[{"embeddable":true,"href":"https:\/\/www.mirgeler.de\/index.php?rest_route=\/wp\/v2\/users\/1"}],"replies":[{"embeddable":true,"href":"https:\/\/www.mirgeler.de\/index.php?rest_route=%2Fwp%2Fv2%2Fcomments&post=749"}],"version-history":[{"count":12,"href":"https:\/\/www.mirgeler.de\/index.php?rest_route=\/wp\/v2\/pages\/749\/revisions"}],"predecessor-version":[{"id":991,"href":"https:\/\/www.mirgeler.de\/index.php?rest_route=\/wp\/v2\/pages\/749\/revisions\/991"}],"wp:attachment":[{"href":"https:\/\/www.mirgeler.de\/index.php?rest_route=%2Fwp%2Fv2%2Fmedia&parent=749"}],"curies":[{"name":"wp","href":"https:\/\/api.w.org\/{rel}","templated":true}]}}